{"id":10,"date":"2023-01-12T19:17:20","date_gmt":"2023-01-12T19:17:20","guid":{"rendered":"https:\/\/amma-automotomonkeyassist.fr\/?page_id=10"},"modified":"2023-01-18T18:50:24","modified_gmt":"2023-01-18T18:50:24","slug":"inspection","status":"publish","type":"page","link":"https:\/\/amma-automotomonkeyassist.fr\/index.php\/inspection\/","title":{"rendered":"Inspecter le V\u00e9hicule d&rsquo;Occasion de Votre Choix ?"},"content":{"rendered":"\n<div class=\"wp-block-media-text alignwide has-media-on-the-right\" style=\"padding-top:var(--wp--preset--spacing--60);padding-right:var(--wp--preset--spacing--60);padding-bottom:var(--wp--preset--spacing--60);padding-left:var(--wp--preset--spacing--60);grid-template-columns:auto 19%\"><div class=\"wp-block-media-text__content\">\n<p>Mais&#8230;<\/p>\n\n\n\n<ul class=\"wp-block-list\">\n<li>Vous manquez de temps ?&nbsp;<\/li>\n<\/ul>\n\n\n\n<ul class=\"wp-block-list\">\n<li>Le v\u00e9hicule qui vous fait de l&rsquo;oeil se trouve trop loin de votre domicile ?\u00a0<\/li>\n<\/ul>\n\n\n\n<ul class=\"wp-block-list\">\n<li>Vous ne vous sentez pas autonome pour juger de l&rsquo;\u00e9tat d&rsquo;un v\u00e9hicule d&rsquo;occasion?\u00a0<\/li>\n<\/ul>\n\n\n\n<p><strong><mark style=\"background-color:rgba(0, 0, 0, 0)\" class=\"has-inline-color has-orange-color\">AMMA<\/mark><\/strong> vous propose de r\u00e9aliser une inspection du v\u00e9hicule de votre choix. Avec \u00e0 la cl\u00e9 un document de synth\u00e8se balayant l&rsquo;ensemble des points ci-dessous<\/p>\n\n\n\n<ul class=\"wp-block-list\">\n<li>Identit\u00e9 et Historique<\/li>\n<\/ul>\n\n\n\n<ul class=\"wp-block-list\">\n<li>Entretien M\u00e9canique<\/li>\n<\/ul>\n\n\n\n<ul class=\"wp-block-list\">\n<li>Etat int\u00e9rieur et ext\u00e9rieur<\/li>\n<\/ul>\n\n\n\n<ul class=\"wp-block-list\">\n<li>Essai Statique et Routier<\/li>\n<\/ul>\n\n\n\n<p class=\"has-luminous-vivid-orange-color has-text-color\">N&rsquo;h\u00e9sitez pas \u00e0 <a href=\"https:\/\/amma-automotomonkeyassist.fr\/index.php\/nous-contacter\/\" data-type=\"page\" data-id=\"14\"><mark style=\"background-color:rgba(0, 0, 0, 0)\" class=\"has-inline-color has-orange-color\">N<\/mark>ous <mark style=\"background-color:rgba(0, 0, 0, 0)\" class=\"has-inline-color has-orange-color\">C<\/mark>ontacter<\/a>. <\/p>\n\n\n\n<p class=\"has-luminous-vivid-orange-color has-text-color\">Prix de la prestation \u00e0 partir de 100 \u20ac, devis gratuit sur demande (voir les <a href=\"https:\/\/amma-automotomonkeyassist.fr\/index.php\/cgv\/\" data-type=\"page\" data-id=\"16\"><mark style=\"background-color:rgba(0, 0, 0, 0)\" class=\"has-inline-color has-orange-color\">C<\/mark>onditions <mark style=\"background-color:rgba(0, 0, 0, 0)\" class=\"has-inline-color has-orange-color\">G<\/mark>\u00e9n\u00e9rales de <mark style=\"background-color:rgba(0, 0, 0, 0)\" class=\"has-inline-color has-orange-color\">V<\/mark>ente<\/a>)<\/p>\n<\/div><figure class=\"wp-block-media-text__media\"><img loading=\"lazy\" decoding=\"async\" width=\"1024\" height=\"757\" src=\"https:\/\/amma-automotomonkeyassist.fr\/wp-content\/uploads\/2023\/01\/312144307_137861812341446_3868956150786671493_n-1024x757.jpeg\" alt=\"\" class=\"wp-image-202 size-full\" srcset=\"https:\/\/amma-automotomonkeyassist.fr\/wp-content\/uploads\/2023\/01\/312144307_137861812341446_3868956150786671493_n-1024x757.jpeg 1024w, https:\/\/amma-automotomonkeyassist.fr\/wp-content\/uploads\/2023\/01\/312144307_137861812341446_3868956150786671493_n-300x222.jpeg 300w, https:\/\/amma-automotomonkeyassist.fr\/wp-content\/uploads\/2023\/01\/312144307_137861812341446_3868956150786671493_n-768x568.jpeg 768w, https:\/\/amma-automotomonkeyassist.fr\/wp-content\/uploads\/2023\/01\/312144307_137861812341446_3868956150786671493_n.jpeg 1336w\" sizes=\"auto, (max-width: 1024px) 100vw, 1024px\" \/><\/figure><\/div>\n\n\n\n<div class=\"wp-block-columns is-layout-flex wp-container-core-columns-is-layout-28f84493 wp-block-columns-is-layout-flex\">\n<div class=\"wp-block-column is-layout-flow wp-block-column-is-layout-flow\">\n<p class=\"has-text-align-left\"><strong><em>Exemple de Rapport d&rsquo;Inspection :\u00a0<\/em><\/strong><\/p>\n<\/div>\n\n\n\n<div class=\"wp-block-column is-layout-flow wp-block-column-is-layout-flow\">\n<figure class=\"wp-block-image size-full is-resized\"><a href=\"https:\/\/docs.google.com\/presentation\/d\/1G_SrVY27UDg1EWGz_P1cKNSdLgpSLh2Yr6RxP0ylDNM\/edit?usp=sharing\"><img loading=\"lazy\" decoding=\"async\" src=\"https:\/\/amma-automotomonkeyassist.fr\/wp-content\/uploads\/2023\/01\/Capture-decran-2023-01-15-a-20.20.09.png\" alt=\"\" class=\"wp-image-249\" width=\"48\" height=\"68\" srcset=\"https:\/\/amma-automotomonkeyassist.fr\/wp-content\/uploads\/2023\/01\/Capture-decran-2023-01-15-a-20.20.09.png 696w, https:\/\/amma-automotomonkeyassist.fr\/wp-content\/uploads\/2023\/01\/Capture-decran-2023-01-15-a-20.20.09-211x300.png 211w\" sizes=\"auto, (max-width: 48px) 100vw, 48px\" \/><\/a><\/figure>\n<\/div>\n\n\n\n<div class=\"wp-block-column is-layout-flow wp-block-column-is-layout-flow\"><\/div>\n<\/div>\n\n\n\n<p><\/p>\n","protected":false},"excerpt":{"rendered":"<p>Exemple de Rapport d&rsquo;Inspection :\u00a0<\/p>\n","protected":false},"author":1,"featured_media":0,"parent":0,"menu_order":0,"comment_status":"closed","ping_status":"closed","template":"","meta":{"footnotes":""},"class_list":["post-10","page","type-page","status-publish","hentry"],"_links":{"self":[{"href":"https:\/\/amma-automotomonkeyassist.fr\/index.php\/wp-json\/wp\/v2\/pages\/10","targetHints":{"allow":["GET"]}}],"collection":[{"href":"https:\/\/amma-automotomonkeyassist.fr\/index.php\/wp-json\/wp\/v2\/pages"}],"about":[{"href":"https:\/\/amma-automotomonkeyassist.fr\/index.php\/wp-json\/wp\/v2\/types\/page"}],"author":[{"embeddable":true,"href":"https:\/\/amma-automotomonkeyassist.fr\/index.php\/wp-json\/wp\/v2\/users\/1"}],"replies":[{"embeddable":true,"href":"https:\/\/amma-automotomonkeyassist.fr\/index.php\/wp-json\/wp\/v2\/comments?post=10"}],"version-history":[{"count":15,"href":"https:\/\/amma-automotomonkeyassist.fr\/index.php\/wp-json\/wp\/v2\/pages\/10\/revisions"}],"predecessor-version":[{"id":348,"href":"https:\/\/amma-automotomonkeyassist.fr\/index.php\/wp-json\/wp\/v2\/pages\/10\/revisions\/348"}],"wp:attachment":[{"href":"https:\/\/amma-automotomonkeyassist.fr\/index.php\/wp-json\/wp\/v2\/media?parent=10"}],"curies":[{"name":"wp","href":"https:\/\/api.w.org\/{rel}","templated":true}]}}