{"id":12,"date":"2023-01-12T19:17:31","date_gmt":"2023-01-12T19:17:31","guid":{"rendered":"https:\/\/amma-automotomonkeyassist.fr\/?page_id=12"},"modified":"2023-03-12T15:52:42","modified_gmt":"2023-03-12T15:52:42","slug":"bio","status":"publish","type":"page","link":"https:\/\/amma-automotomonkeyassist.fr\/index.php\/bio\/","title":{"rendered":"\u00ab\u00a0Bio\u00a0\u00bb"},"content":{"rendered":"\n<p><mark style=\"background-color:rgba(0, 0, 0, 0)\" class=\"has-inline-color has-background-color\">Tabulat<\/mark><mark style=\"background-color:rgba(0, 0, 0, 0)\" class=\"has-inline-color has-orange-color\">P<\/mark>ascal <mark style=\"background-color:rgba(0, 0, 0, 0)\" class=\"has-inline-color has-orange-color\">R<\/mark>igaud,\u00a0 alias <mark style=\"background-color:rgba(0, 0, 0, 0)\" class=\"has-inline-color has-orange-color\">AMMA &#8211; Auto Moto Monkey Assist<\/mark>, est passionn\u00e9 depuis son plus jeune \u00e2ge par tout ce qui roule et plus particuli\u00e8rement avec un moteur.\u00a0<\/p>\n\n\n\n<p>&nbsp;&nbsp;&nbsp;&nbsp;&nbsp;&nbsp;&nbsp;&nbsp;&nbsp;&nbsp;&nbsp;&nbsp;&nbsp; L&rsquo;aventure AMMA est n\u00e9e de sa propre exp\u00e9rience dans l&rsquo;achat et la revente de v\u00e9hicules d&rsquo;occasions. Plus de 50 v\u00e9hicules achet\u00e9s pour son propre usage et revendus. Exp\u00e9rience complet\u00e9e par l&rsquo;assistance qu&rsquo;il a pu apporter \u00e0 ses proches et amis.<\/p>\n\n\n\n<p>&nbsp;&nbsp;&nbsp;&nbsp;&nbsp;&nbsp;&nbsp;&nbsp;&nbsp;&nbsp;&nbsp;&nbsp;&nbsp;Cette passion pour ces v\u00e9hicules du quotidien est enrichie d&rsquo;une exp\u00e9rience de pilote amateur moto dans le championnat de France d&rsquo;Endurance (depuis 2015) mais \u00e9galement de m\u00e9canicien b\u00e9n\u00e9vole lors des 24h moto au Mans, les 24h de Spa ou le Bol d&rsquo;or (depuis 2019).<\/p>\n\n\n\n<p>&nbsp;&nbsp;&nbsp;&nbsp;&nbsp;&nbsp;&nbsp;&nbsp;&nbsp;&nbsp;&nbsp;&nbsp;Son parcours professionnel dans l&rsquo;industrie motocycliste, automobile ou a\u00e9ronautique est plut\u00f4t orient\u00e9e conception et digitalisation avec une affinit\u00e9 pour la formation et le support client.<\/p>\n\n\n\n<p>&nbsp;&nbsp;&nbsp;&nbsp;&nbsp;&nbsp;&nbsp;&nbsp;&nbsp;&nbsp;&nbsp;&nbsp;C&rsquo;est la combinaison de l&rsquo;ensemble de ses comp\u00e9tences qui lui ont donn\u00e9 envie de creer AMMA pour proposer une assitance \u00e0 la personne dans un domaine qu&rsquo;il affectionne et qui le passione.<\/p>\n\n\n\n<figure class=\"wp-block-image aligncenter size-full is-resized is-style-rounded\"><img loading=\"lazy\" decoding=\"async\" src=\"https:\/\/amma-automotomonkeyassist.fr\/wp-content\/uploads\/2023\/03\/IMG_7207-2.jpeg\" alt=\"\" class=\"wp-image-386\" width=\"264\" height=\"264\" srcset=\"https:\/\/amma-automotomonkeyassist.fr\/wp-content\/uploads\/2023\/03\/IMG_7207-2.jpeg 640w, https:\/\/amma-automotomonkeyassist.fr\/wp-content\/uploads\/2023\/03\/IMG_7207-2-300x300.jpeg 300w, https:\/\/amma-automotomonkeyassist.fr\/wp-content\/uploads\/2023\/03\/IMG_7207-2-150x150.jpeg 150w\" sizes=\"auto, (max-width: 264px) 100vw, 264px\" \/><\/figure>\n","protected":false},"excerpt":{"rendered":"<p>TabulatPascal Rigaud,\u00a0 alias AMMA &#8211; Auto Moto Monkey Assist, est passionn\u00e9 depuis son plus jeune [&hellip;]<\/p>\n","protected":false},"author":1,"featured_media":0,"parent":0,"menu_order":0,"comment_status":"closed","ping_status":"closed","template":"","meta":{"footnotes":""},"class_list":["post-12","page","type-page","status-publish","hentry"],"_links":{"self":[{"href":"https:\/\/amma-automotomonkeyassist.fr\/index.php\/wp-json\/wp\/v2\/pages\/12","targetHints":{"allow":["GET"]}}],"collection":[{"href":"https:\/\/amma-automotomonkeyassist.fr\/index.php\/wp-json\/wp\/v2\/pages"}],"about":[{"href":"https:\/\/amma-automotomonkeyassist.fr\/index.php\/wp-json\/wp\/v2\/types\/page"}],"author":[{"embeddable":true,"href":"https:\/\/amma-automotomonkeyassist.fr\/index.php\/wp-json\/wp\/v2\/users\/1"}],"replies":[{"embeddable":true,"href":"https:\/\/amma-automotomonkeyassist.fr\/index.php\/wp-json\/wp\/v2\/comments?post=12"}],"version-history":[{"count":14,"href":"https:\/\/amma-automotomonkeyassist.fr\/index.php\/wp-json\/wp\/v2\/pages\/12\/revisions"}],"predecessor-version":[{"id":391,"href":"https:\/\/amma-automotomonkeyassist.fr\/index.php\/wp-json\/wp\/v2\/pages\/12\/revisions\/391"}],"wp:attachment":[{"href":"https:\/\/amma-automotomonkeyassist.fr\/index.php\/wp-json\/wp\/v2\/media?parent=12"}],"curies":[{"name":"wp","href":"https:\/\/api.w.org\/{rel}","templated":true}]}}