{"id":16,"date":"2023-01-12T19:18:06","date_gmt":"2023-01-12T19:18:06","guid":{"rendered":"https:\/\/amma-automotomonkeyassist.fr\/?page_id=16"},"modified":"2023-01-17T20:49:05","modified_gmt":"2023-01-17T20:49:05","slug":"cgv","status":"publish","type":"page","link":"https:\/\/amma-automotomonkeyassist.fr\/index.php\/cgv\/","title":{"rendered":"CGV"},"content":{"rendered":"\n<p class=\"has-text-align-center has-large-font-size\"><strong>CONDITIONS G\u00c9N\u00c9RALES DE VENTE<\/strong><\/p>\n\n\n\n<p class=\"has-text-align-center has-large-font-size\"><strong>AUTO MOTO MONKEY ASSIST Occasion<\/strong><\/p>\n\n\n\n<p class=\"has-big-font-size\"><strong><em>Clause n\u00b0 1 : Objet et champ d&rsquo;application<\/em><\/strong><\/p>\n\n\n\n<p>Les pr\u00e9sentes conditions g\u00e9n\u00e9rales de vente (\u00ab&nbsp;<strong>CGV<\/strong>&nbsp;\u00bb) r\u00e9gissent les droits et obligations de l\u2019entreprise individuelle Auto Moto Monkey Assist Occasion, immatricul\u00e9e sous le num\u00e9ro de SIREN 921 586 772, dont le si\u00e8ge social est situ\u00e9 14, all\u00e9e du Perthus &#8211; 31770 Colomiers (ci-apr\u00e8s \u00ab&nbsp;<strong>AMMA Occasion<\/strong>&nbsp;\u00bb) et du client (ci-apr\u00e8s le \u00ab&nbsp;<strong>Client<\/strong>&nbsp;\u00bb) dans le cadre des prestations propos\u00e9es par AMMA Occasion et telles que d\u00e9finies ci-dessous.<\/p>\n\n\n\n<p>Les pr\u00e9sentes CGV et le devis auquel les CGV sont annex\u00e9es (ci-apr\u00e8s le \u00ab Devis \u00bb) forment l\u2019ensemble contractuel liant les parties (ci-apr\u00e8s ensemble le \u00ab&nbsp;<strong>Contrat<\/strong>&nbsp;\u00bb).<\/p>\n\n\n\n<p>En cas de contradiction entre les CGV et le Devis, les dispositions du Devis pr\u00e9vaudront.<\/p>\n\n\n\n<p>En signant le Devis, le Client reconna\u00eet avoir lu et accept\u00e9 sans r\u00e9serve les pr\u00e9sentes CGV.<\/p>\n\n\n\n<p class=\"has-big-font-size\"><strong><em>Clause n\u00b0 2 : Prix des prestations<\/em><\/strong><\/p>\n\n\n\n<p>Les prix des prestations propos\u00e9es par AMMA Occasion sont ceux en vigueur le jour de la signature du Devis. Ils sont libell\u00e9s en euros toutes taxes comprises.<\/p>\n\n\n\n<p>AMMA Occasion s&rsquo;accorde le droit de modifier ses tarifs \u00e0 tout moment. Toutefois, AMMA Occasion s&rsquo;engage \u00e0 facturer les prestations command\u00e9es aux prix indiqu\u00e9s lors de la signature du Devis.<\/p>\n\n\n\n<p>Les diff\u00e9rentes formules de services propos\u00e9s par AMMA Occasion sont les suivantes :<\/p>\n\n\n\n<p><strong>Formule A : Inspection<\/strong><\/p>\n\n\n\n<p>&#8211; Visite et Inspection (Statique et dynamique) d\u2019un v\u00e9hicule d\u2019occasion s\u00e9lectionn\u00e9 par le Client dans un rayon de 10 km autour de Toulouse ;<\/p>\n\n\n\n<p>&#8211; Fourniture d\u2019un rapport d\u2019inspection au Client.<\/p>\n\n\n\n<p>Prix de la prestation : 100 euros (TTC).&nbsp;<\/p>\n\n\n\n<p>&#8211; Devis sur demande pour l\u2019inspection d\u2019un v\u00e9hicule \u00e0 plus de 10 km de Toulouse.<\/p>\n\n\n\n<p><strong>Formule B : Assistance Revente<\/strong><\/p>\n\n\n\n<p>&#8211; Accompagnement personnalis\u00e9 pour la mise en vente d\u2019un v\u00e9hicule d\u2019occasion dans un rayon de 10 km autour de Toulouse.&nbsp;<\/p>\n\n\n\n<p>&#8211; Options possibles :<\/p>\n\n\n\n<ul class=\"wp-block-list\">\n<li>Pr\u00e9paration esth\u00e9tique<\/li>\n\n\n\n<li>Prise de photos<\/li>\n\n\n\n<li>Digitalisation de l\u2019historique du v\u00e9hicule (facture d\u2019entretien, contr\u00f4le technique)<\/li>\n\n\n\n<li>Extraction du document histovec<\/li>\n\n\n\n<li>Analyse d\u2019huile moteur<\/li>\n\n\n\n<li>Gestion du serveur de partage des photos et documents digitalis\u00e9s<\/li>\n\n\n\n<li>Estimation\/D\u00e9finition du prix de vente<\/li>\n\n\n\n<li>R\u00e9daction de l\u2019annonce et aide \u00e0 la publication<\/li>\n<\/ul>\n\n\n\n<p>Prix de la prestation : A partir de 50 euros (TTC).&nbsp;<\/p>\n\n\n\n<p>&#8211; Devis personnalis\u00e9 sur demande en fonction des options souhait\u00e9es et\/ou pour la mise en vente d\u2019un v\u00e9hicule \u00e0 plus de 10 km de Toulouse.<\/p>\n\n\n\n<p><strong>Formule C : Assistance Recherche\/Achat<\/strong><\/p>\n\n\n\n<p>&#8211; Accompagnement personnalis\u00e9 pour la recherche et l\u2019achat d\u2019un v\u00e9hicule d\u2019occasion.&nbsp;<\/p>\n\n\n\n<p>&#8211; A la suite d\u2019un premier RDV gratuit et sans engagement, la nature et l&rsquo;\u00e9tendue des prestations seront d\u00e9termin\u00e9es d&rsquo;un commun accord en fonction des besoins du Client, sur la base de la liste ci-dessous :<\/p>\n\n\n\n<ul class=\"wp-block-list\">\n<li>Aide \u00e0 la d\u00e9finition du type de v\u00e9hicule adapt\u00e9 aux besoins du Client<\/li>\n\n\n\n<li>Recherche et s\u00e9lection de v\u00e9hicules d\u2019occasions disponibles \u00e0 la vente correspondant aux besoins du Client<\/li>\n\n\n\n<li>Visite et Inspection (Statique et dynamique) avec ou sans le Client du (ou des) v\u00e9hicule(s) s\u00e9lectionn\u00e9(s) par le Client.<\/li>\n<\/ul>\n\n\n\n<p>Cette prestation comprend 5 (cinq) v\u00e9hicules maximum visit\u00e9s dans un rayon de 10 km autour de Toulouse.<\/p>\n\n\n\n<ul class=\"wp-block-list\">\n<li>Fourniture d\u2019un rapport d\u2019inspection au Client<\/li>\n\n\n\n<li>Aide \u00e0 la s\u00e9lection finale du v\u00e9hicule<\/li>\n\n\n\n<li>Aide \u00e0 la n\u00e9gociation du prix<\/li>\n\n\n\n<li>Assistance pour effectuer l\u2019achat et le transfert de propri\u00e9t\u00e9 du v\u00e9hicule (transaction financi\u00e8re et d\u00e9marches pour obtention du certificat d\u2019immatriculation).<\/li>\n<\/ul>\n\n\n\n<p>Prix de la prestation :&nbsp;<\/p>\n\n\n\n<p>&#8211; Dans le cas o\u00f9 un v\u00e9hicule est achet\u00e9 par le Client dans le cadre de cette formule d&rsquo;assistance, le montant de la prestation sera calcul\u00e9 sur la base de 5% du prix du v\u00e9hicule achet\u00e9 (avec un minimum de 100 euros TTC).<\/p>\n\n\n\n<p>&#8211; Dans le cas o\u00f9 aucun v\u00e9hicule n\u2019est achet\u00e9 par le Client dans le cadre de cette formule d\u2019assistance, le montant sera de 100 euros (TTC)&nbsp;<\/p>\n\n\n\n<p>&#8211; Devis sur demande pour la recherche d\u2019un v\u00e9hicule \u00e0 plus de 10 kms de Toulouse.<\/p>\n\n\n\n<p>Un acompte de 100 euros sera \u00e0 verser par le Client en cas d\u2019acceptation du Devis \u00e0 la suite du 1<sup>er<\/sup>&nbsp;RDV.<\/p>\n\n\n\n<p class=\"has-big-font-size\"><strong><em>Clause n\u00b0 3 : Acceptation du Devis<\/em><\/strong><\/p>\n\n\n\n<p>Le Contrat ne devient d\u00e9finitif qu\u2019apr\u00e8s r\u00e9ception du Devis sign\u00e9 par le Client et de l\u2019acompte \u00e9ventuellement d\u00fb en fonction de la formule s\u00e9lectionn\u00e9e.<\/p>\n\n\n\n<p>Une facture d\u2019acompte sera remise le cas \u00e9ch\u00e9ant au Client.<\/p>\n\n\n\n<p class=\"has-big-font-size\"><strong><em>Clause n\u00b0 4 : Remises<\/em><\/strong><\/p>\n\n\n\n<p>AMMA Occasion se r\u00e9serve le droit d\u2019accorder au Client des remises commerciales compte tenu notamment de la prise en charge par le Client de certaines prestations.<\/p>\n\n\n\n<p class=\"has-big-font-size\"><strong><em>Clause n\u00b0 5 : Escompte<\/em><\/strong><\/p>\n\n\n\n<p>Aucun escompte ne sera consenti en cas de paiement anticip\u00e9.<\/p>\n\n\n\n<p class=\"has-big-font-size\"><strong><em>Clause n\u00b0 6 : Modalit\u00e9s de paiement<\/em><\/strong><\/p>\n\n\n\n<p><strong>6.1 Paiement<\/strong><\/p>\n\n\n\n<p>Le r\u00e8glement des prestations s&rsquo;effectue :<\/p>\n\n\n\n<p>&#8211; soit par ch\u00e8que \u00e9mis par une banque domicili\u00e9e en France ;<\/p>\n\n\n\n<p>&#8211; soit par virement bancaire.<\/p>\n\n\n\n<p>Le paiement complet du prix doit parvenir dans le d\u00e9lai fix\u00e9 au Devis.<\/p>\n\n\n\n<p><strong>6.2 Retard ou d\u00e9faut de paiement<\/strong><\/p>\n\n\n\n<p>Tout retard de paiement pourra donner lieu \u00e0 l\u2019application d\u2019int\u00e9r\u00eats de retard calcul\u00e9s au taux l\u00e9gal en vigueur, 8 (huit) jours apr\u00e8s l\u2019envoi d\u2019une mise en demeure rest\u00e9e infructueuse.<\/p>\n\n\n\n<p class=\"has-big-font-size\"><strong><em>Clause n\u00b0 7 : Obligations du Client<\/em><\/strong><\/p>\n\n\n\n<p>Le Client s\u2019engage \u00e0 fournir toutes les informations n\u00e9cessaires \u00e0 la bonne ex\u00e9cution de la mission confi\u00e9e \u00e0 AMMA Occasion, dans les d\u00e9lais convenus d\u2019un commun accord.<\/p>\n\n\n\n<p>Le Client s\u2019engage \u00e0 ne pas faire appel \u00e0 une structure concurrente pendant la dur\u00e9e du Contrat.<\/p>\n\n\n\n<p class=\"has-big-font-size\"><strong><em>Clause n\u00b0 8 : R\u00e9alisation de la prestation<\/em><\/strong><\/p>\n\n\n\n<p>Le temps de r\u00e9alisation est estim\u00e9 apr\u00e8s concertation des deux parties, et pr\u00e9cis\u00e9 dans le Devis. Tout d\u00e9passement du d\u00e9lai pr\u00e9vu, s\u2019il r\u00e9sulte d\u2019une mauvaise appr\u00e9ciation lors de la concertation initiale des parties, fera l\u2019objet d\u2019une ren\u00e9gociation tarifaire.<\/p>\n\n\n\n<p>Les frais de d\u00e9placement d\u2019AMMA Occasion sont \u00e9galement inclus dans le Devis. Toutefois, si, \u00e0 la demande du Client, AMMA Occasion est amen\u00e9e \u00e0 effectuer des d\u00e9placements suppl\u00e9mentaires hors du cadre du Devis initial, ceux-ci feront l\u2019objet d\u2019un additif au Devis convenu d\u2019un commun accord.<\/p>\n\n\n\n<p class=\"has-big-font-size\"><strong><em>Clause n\u00b0 9 : Garanties et responsabilit\u00e9s<\/em><\/strong><\/p>\n\n\n\n<p>AMMA Occasion se borne \u00e0 fournir une prestation de conseil et d\u2019assistance aupr\u00e8s du Client et ne saurait \u00eatre tenue pour responsable des probl\u00e8mes m\u00e9caniques ou autres, survenus \u00e0 la suite de l\u2019achat ou de la vente d\u2019un v\u00e9hicule d\u2019occasion par le Client. AMMA Occasion est ainsi soumise \u00e0 une obligation de moyens et non de r\u00e9sultat. Aucune garantie n\u2019est consentie par AMMA Occasion dans le cadre des prestations objets des pr\u00e9sentes. Il est rappel\u00e9 que le Client dispose de garanties l\u00e9gales pour se retourner directement vers l\u2019ancien propri\u00e9taire du v\u00e9hicule, notamment au titre de la garantie l\u00e9gale des vices cach\u00e9s.<\/p>\n\n\n\n<p class=\"has-big-font-size\"><strong><em>Clause n\u00b0 10 : Force majeure<\/em><\/strong><\/p>\n\n\n\n<p>La responsabilit\u00e9 de l\u2019entreprise AMMA Occasion ne pourra pas \u00eatre mise en \u0153uvre si la non-ex\u00e9cution ou le retard dans l&rsquo;ex\u00e9cution de l&rsquo;une de ses obligations, d\u00e9crites dans les pr\u00e9sentes CGV, d\u00e9coule d&rsquo;un cas de force majeure. \u00c0 ce titre, la force majeure s&rsquo;entend de tout \u00e9v\u00e9nement ext\u00e9rieur, impr\u00e9visible et irr\u00e9sistible au sens de l&rsquo;article 1218 du Code civil. Il est convenu que les \u00e9ventuelles restrictions sanitaires gouvernementales li\u00e9es au Covid-19 sont consid\u00e9r\u00e9es comme un cas de force majeure.<\/p>\n\n\n\n<p class=\"has-big-font-size\"><strong><em>Clause n\u00b0 11 : Propri\u00e9t\u00e9 intellectuelle<\/em><\/strong><\/p>\n\n\n\n<p>Les rapports d\u2019inspections ou informations issues du travail de recherche de l\u2019entreprise AMMA Occasion sont transmis au Client pour son seul usage personnel. Le Client s\u2019interdit ainsi de les reproduire et\/ou repr\u00e9senter de quelque mani\u00e8re que ce soit et\/ou de les transmettre \u00e0 des tiers, sans l\u2019accord pr\u00e9alable et \u00e9crit d\u2019AMMA Occasion.<\/p>\n\n\n\n<p class=\"has-big-font-size\"><strong><em>Clause n\u00b0 12 : Donn\u00e9es personnelles<\/em><\/strong><\/p>\n\n\n\n<p>AMMA Occasion s&rsquo;engage \u00e0 respecter les obligations qui lui incombent en mati\u00e8re de protection des donn\u00e9es personnelles, notamment celles r\u00e9sultant du R\u00e8glement G\u00e9n\u00e9ral pour la Protection des Donn\u00e9es n\u00b0 2016\/679 dit \u00ab RGPD \u00bb.<\/p>\n\n\n\n<p>Dans le cadre des prestations objets des pr\u00e9sentes, AMMA Occasion, en sa qualit\u00e9 de responsable de traitement, est amen\u00e9e \u00e0 collecter et traiter des donn\u00e9es personnelles du Client (nom, pr\u00e9nom, adresse postale, adresse email, num\u00e9ro de t\u00e9l\u00e9phone, etc.). Lesdites donn\u00e9es personnelles seront trait\u00e9es et utilis\u00e9es uniquement pour les besoins des prestations r\u00e9alis\u00e9es par AMMA Occasion. Elles seront conserv\u00e9es dans des conditions \u00e0 assurer leur confidentialit\u00e9 et leur s\u00e9curit\u00e9 pendant une dur\u00e9e de 5 ans.&nbsp;<\/p>\n\n\n\n<p>Conform\u00e9ment \u00e0 la l\u00e9gislation applicable, le Client b\u00e9n\u00e9ficie d\u2019un droit d\u2019acc\u00e8s, d\u2019un droit de limitation, d\u2019un droit de rectification, d\u2019un droit d\u2019opposition, d\u2019un droit \u00e0 l\u2019effacement, d\u2019un droit \u00e0 la portabilit\u00e9, d\u2019un droit \u00e0 l\u2019opposition et d\u2019un droit \u00e0 l\u2019h\u00e9ritage des donn\u00e9es le concernant, qu\u2019il peut exercer en adressant sa demande par courrier postal \u00e0 l\u2019adresse de l\u2019entreprise AMMA Occasion ou par email \u00e0 l\u2019adresse&nbsp;automotomonkeyassist@gmail.com, accompagn\u00e9e d\u2019une pi\u00e8ce d\u2019identit\u00e9 et d\u2019un justificatif de domicile.<\/p>\n\n\n\n<p>En cas de difficult\u00e9, le Client dispose de la facult\u00e9 d&rsquo;introduire une r\u00e9clamation aupr\u00e8s de la Commission Nationale de l&rsquo;Informatique et des Libert\u00e9s (www.cnil.fr), sise 3 Place Fontenoy, 75007 PARIS.<\/p>\n\n\n\n<p class=\"has-big-font-size\"><strong><em>Clause n\u00b0 13 : Droit de r\u00e9tractation<\/em><\/strong><\/p>\n\n\n\n<p>Dans l\u2019hypoth\u00e8se o\u00f9 le Contrat est conclu \u00e0 distance ou hors de l\u2019\u00e9tablissement de l\u2019entreprise AMMA Occasion au sens de l\u2019article L.221-21 du Code de la consommation, le Client b\u00e9n\u00e9ficie du droit de se r\u00e9tracter du Contrat sans donner de motif dans un d\u00e9lai de quatorze jours apr\u00e8s la signature du Devis et l\u2019acceptation des pr\u00e9sentes CGV. Pour exercer son droit de r\u00e9tractation, le Client devra notifier sa d\u00e9cision non \u00e9quivoque \u00e0 AMMA Occasion dans ledit d\u00e9lai, en utilisant le cas \u00e9ch\u00e9ant le formulaire reproduit en&nbsp;<strong>Annexe 1<\/strong>. AMMA Occasion remboursera au Client les sommes \u00e9ventuellement vers\u00e9es ant\u00e9rieurement \u00e0 ladite r\u00e9tractation.<\/p>\n\n\n\n<ul class=\"wp-block-list\">\n<li>Si le Client souhaite que l\u2019entreprise AMMA Occasion d\u00e9bute ses prestations avant l\u2019expiration du d\u00e9lai de r\u00e9tractation susvis\u00e9, il d\u00e9clare, en cochant la case ci-contre, renoncer express\u00e9ment \u00e0 son droit de r\u00e9tractation.<\/li>\n<\/ul>\n\n\n\n<p class=\"has-big-font-size\"><strong><em>Clause n\u00b0 14 : Droit et litiges<\/em><\/strong><\/p>\n\n\n\n<p>Les pr\u00e9sentes CGV sont r\u00e9gies par le droit fran\u00e7ais.<\/p>\n\n\n\n<p>A d\u00e9faut de r\u00e8glement amiable, tout litige relatif \u00e0 la validit\u00e9, l&rsquo;interpr\u00e9tation et\/ou \u00e0 l&rsquo;ex\u00e9cution des pr\u00e9sentes CGV et\/ou du Contrat sera port\u00e9 devant les juridictions comp\u00e9tentes.<\/p>\n\n\n\n<p><strong>ANNEXE 1<\/strong><\/p>\n\n\n\n<p>Formulaire de r\u00e9tractation<\/p>\n\n\n\n<p>A l\u2019attention de Monsieur Pascal Rigaud, AMMA Occasion,&nbsp;14, all\u00e9e du Perthus &#8211; 31770 Colomiers<\/p>\n\n\n\n<p>Email : automotomonkeyassist@gmail.com<\/p>\n\n\n\n<p>Je vous notifie par la pr\u00e9sente ma r\u00e9tractation du contrat de prestation de services ci-dessous :<\/p>\n\n\n\n<p>Devis sign\u00e9 le \u2026\u2026\u2026\u2026\u2026\u2026\u2026\u2026\u2026\u2026\u2026\u2026\u2026\u2026..<\/p>\n\n\n\n<p>Nom du Client : \u2026\u2026\u2026\u2026\u2026\u2026\u2026\u2026\u2026\u2026\u2026\u2026\u2026\u2026\u2026\u2026\u2026\u2026\u2026\u2026\u2026\u2026\u2026<\/p>\n\n\n\n<p>Adresse du Client : \u2026.\u2026\u2026\u2026\u2026\u2026\u2026\u2026\u2026\u2026\u2026\u2026\u2026\u2026\u2026\u2026\u2026\u2026\u2026\u2026\u2026..<\/p>\n\n\n\n<p>\u2026.\u2026\u2026\u2026\u2026\u2026\u2026\u2026\u2026\u2026\u2026\u2026\u2026\u2026\u2026\u2026\u2026\u2026\u2026\u2026\u2026\u2026\u2026\u2026\u2026\u2026\u2026\u2026\u2026\u2026&nbsp;<\/p>\n\n\n\n<p>Signature du Client (<em>uniquement en cas de notification du pr\u00e9sent formulaire sur papier<\/em>) :<\/p>\n\n\n\n<p>Date : \u2026\u2026\u2026\u2026\u2026\u2026\u2026\u2026\u2026\u2026\u2026\u2026\u2026\u2026\u2026\u2026\u2026\u2026<\/p>\n\n\n\n<p><\/p>\n\n\n\n<p><\/p>\n","protected":false},"excerpt":{"rendered":"<p>CONDITIONS G\u00c9N\u00c9RALES DE VENTE AUTO MOTO MONKEY ASSIST Occasion Clause n\u00b0 1 : Objet et [&hellip;]<\/p>\n","protected":false},"author":1,"featured_media":0,"parent":0,"menu_order":0,"comment_status":"closed","ping_status":"closed","template":"","meta":{"footnotes":""},"class_list":["post-16","page","type-page","status-publish","hentry"],"_links":{"self":[{"href":"https:\/\/amma-automotomonkeyassist.fr\/index.php\/wp-json\/wp\/v2\/pages\/16","targetHints":{"allow":["GET"]}}],"collection":[{"href":"https:\/\/amma-automotomonkeyassist.fr\/index.php\/wp-json\/wp\/v2\/pages"}],"about":[{"href":"https:\/\/amma-automotomonkeyassist.fr\/index.php\/wp-json\/wp\/v2\/types\/page"}],"author":[{"embeddable":true,"href":"https:\/\/amma-automotomonkeyassist.fr\/index.php\/wp-json\/wp\/v2\/users\/1"}],"replies":[{"embeddable":true,"href":"https:\/\/amma-automotomonkeyassist.fr\/index.php\/wp-json\/wp\/v2\/comments?post=16"}],"version-history":[{"count":2,"href":"https:\/\/amma-automotomonkeyassist.fr\/index.php\/wp-json\/wp\/v2\/pages\/16\/revisions"}],"predecessor-version":[{"id":292,"href":"https:\/\/amma-automotomonkeyassist.fr\/index.php\/wp-json\/wp\/v2\/pages\/16\/revisions\/292"}],"wp:attachment":[{"href":"https:\/\/amma-automotomonkeyassist.fr\/index.php\/wp-json\/wp\/v2\/media?parent=16"}],"curies":[{"name":"wp","href":"https:\/\/api.w.org\/{rel}","templated":true}]}}