{"id":34,"date":"2023-01-12T19:53:22","date_gmt":"2023-01-12T19:53:22","guid":{"rendered":"https:\/\/amma-automotomonkeyassist.fr\/index.php\/teluro\/"},"modified":"2023-01-26T17:32:33","modified_gmt":"2023-01-26T17:32:33","slug":"teluro","status":"publish","type":"page","link":"https:\/\/amma-automotomonkeyassist.fr\/","title":{"rendered":"AMMA Occasion"},"content":{"rendered":"\n<div class=\"wp-block-media-text alignfull has-media-on-the-right is-stacked-on-mobile is-vertically-aligned-center\" style=\"padding-top:var(--wp--preset--spacing--60);padding-right:var(--wp--preset--spacing--60);padding-bottom:var(--wp--preset--spacing--60);padding-left:var(--wp--preset--spacing--60);grid-template-columns:auto 24%\"><div class=\"wp-block-media-text__content\">\n<p class=\"has-oswald-font-family\" style=\"font-size:30px\"><mark style=\"background-color:rgba(0, 0, 0, 0)\" class=\"has-inline-color has-orange-color\">V<\/mark>ous \u00eates un <mark style=\"background-color:rgba(0, 0, 0, 0)\" class=\"has-inline-color has-orange-color\">P<\/mark>articulier et vous projetez d&rsquo;<mark style=\"background-color:rgba(0, 0, 0, 0)\" class=\"has-inline-color has-orange-color\">A<\/mark>cheter ou <mark style=\"background-color:rgba(0, 0, 0, 0)\" class=\"has-inline-color has-orange-color\">V<\/mark>endre un <mark style=\"background-color:rgba(0, 0, 0, 0)\" class=\"has-inline-color has-orange-color\">V<\/mark>\u00e9hicule d&rsquo;<mark style=\"background-color:rgba(0, 0, 0, 0)\" class=\"has-inline-color has-orange-color\">O<\/mark>ccasion ?<\/p>\n\n\n\n<p class=\"has-system-font-family has-medium-font-size\" style=\"padding-top:0;padding-right:0;padding-bottom:0;padding-left:0\"><strong><mark style=\"background-color:rgba(0, 0, 0, 0)\" class=\"has-inline-color has-orange-color\">AMMA<\/mark><\/strong> vous propose un accompagnement sur mesure:<\/p>\n\n\n\n<ul class=\"wp-block-list\">\n<li>Pour la <mark style=\"background-color:rgba(0, 0, 0, 0)\" class=\"has-inline-color has-orange-color\">Recherche<\/mark> et l&rsquo;<mark style=\"background-color:rgba(0, 0, 0, 0)\" class=\"has-inline-color has-orange-color\">Achat<\/mark>, notre objectif est de vous apporter de la s\u00e9r\u00e9nit\u00e9 et atteindre un niveau de confiance \u00e0 la hauteur de celui que vous pourriez esp\u00e9rer d&rsquo;un revendeur professionnel<\/li>\n<\/ul>\n\n\n\n<ul class=\"wp-block-list\">\n<li>Pour la <mark style=\"background-color:rgba(0, 0, 0, 0)\" class=\"has-inline-color has-orange-color\">reVente<\/mark>, notre objectif est de vous faire gagner du temps et de l&rsquo;efficacit\u00e9.<\/li>\n<\/ul>\n\n\n\n<p>Alors si vous \u00eates rebut\u00e9 ou stress\u00e9 par ces d\u00e9marches (manque de temps, d&rsquo;affinit\u00e9 ou de comp\u00e9tences) nous serons tr\u00e8s heureux de pouvoir vous aider.<\/p>\n\n\n\n<p>N&rsquo;h\u00e9sitez pas \u00e0 consulter nos differentes formules d&rsquo;assistance:<\/p>\n\n\n\n<ul class=\"wp-block-list\">\n<li><a href=\"https:\/\/amma-automotomonkeyassist.fr\/index.php\/achat\/\" data-type=\"page\" data-id=\"6\"><mark style=\"background-color:rgba(0, 0, 0, 0)\" class=\"has-inline-color has-orange-color\">A<\/mark>chat<\/a><\/li>\n<\/ul>\n\n\n\n<ul class=\"wp-block-list\">\n<li><a href=\"https:\/\/amma-automotomonkeyassist.fr\/index.php\/vente\/\" data-type=\"page\" data-id=\"8\"><mark style=\"background-color:rgba(0, 0, 0, 0)\" class=\"has-inline-color has-orange-color\">V<\/mark>ente<\/a><\/li>\n<\/ul>\n\n\n\n<ul class=\"wp-block-list\">\n<li><a href=\"https:\/\/amma-automotomonkeyassist.fr\/index.php\/inspection\/\" data-type=\"page\" data-id=\"10\"><mark style=\"background-color:rgba(0, 0, 0, 0)\" class=\"has-inline-color has-orange-color\">I<\/mark>nspection<\/a><\/li>\n<\/ul>\n<\/div><figure class=\"wp-block-media-text__media\"><img loading=\"lazy\" decoding=\"async\" width=\"1024\" height=\"768\" src=\"https:\/\/amma-automotomonkeyassist.fr\/wp-content\/uploads\/2023\/01\/IMG_1823-1024x768.jpg\" alt=\"\" class=\"wp-image-328 size-full\" srcset=\"https:\/\/amma-automotomonkeyassist.fr\/wp-content\/uploads\/2023\/01\/IMG_1823-1024x768.jpg 1024w, https:\/\/amma-automotomonkeyassist.fr\/wp-content\/uploads\/2023\/01\/IMG_1823-300x225.jpg 300w, https:\/\/amma-automotomonkeyassist.fr\/wp-content\/uploads\/2023\/01\/IMG_1823-768x576.jpg 768w, https:\/\/amma-automotomonkeyassist.fr\/wp-content\/uploads\/2023\/01\/IMG_1823-1536x1152.jpg 1536w, https:\/\/amma-automotomonkeyassist.fr\/wp-content\/uploads\/2023\/01\/IMG_1823-2048x1536.jpg 2048w\" sizes=\"auto, (max-width: 1024px) 100vw, 1024px\" \/><\/figure><\/div>\n","protected":false},"excerpt":{"rendered":"","protected":false},"author":1,"featured_media":0,"parent":0,"menu_order":0,"comment_status":"closed","ping_status":"closed","template":"","meta":{"footnotes":""},"class_list":["post-34","page","type-page","status-publish","hentry"],"_links":{"self":[{"href":"https:\/\/amma-automotomonkeyassist.fr\/index.php\/wp-json\/wp\/v2\/pages\/34","targetHints":{"allow":["GET"]}}],"collection":[{"href":"https:\/\/amma-automotomonkeyassist.fr\/index.php\/wp-json\/wp\/v2\/pages"}],"about":[{"href":"https:\/\/amma-automotomonkeyassist.fr\/index.php\/wp-json\/wp\/v2\/types\/page"}],"author":[{"embeddable":true,"href":"https:\/\/amma-automotomonkeyassist.fr\/index.php\/wp-json\/wp\/v2\/users\/1"}],"replies":[{"embeddable":true,"href":"https:\/\/amma-automotomonkeyassist.fr\/index.php\/wp-json\/wp\/v2\/comments?post=34"}],"version-history":[{"count":21,"href":"https:\/\/amma-automotomonkeyassist.fr\/index.php\/wp-json\/wp\/v2\/pages\/34\/revisions"}],"predecessor-version":[{"id":371,"href":"https:\/\/amma-automotomonkeyassist.fr\/index.php\/wp-json\/wp\/v2\/pages\/34\/revisions\/371"}],"wp:attachment":[{"href":"https:\/\/amma-automotomonkeyassist.fr\/index.php\/wp-json\/wp\/v2\/media?parent=34"}],"curies":[{"name":"wp","href":"https:\/\/api.w.org\/{rel}","templated":true}]}}