{"id":6,"date":"2023-01-12T19:14:14","date_gmt":"2023-01-12T19:14:14","guid":{"rendered":"https:\/\/amma-automotomonkeyassist.fr\/?page_id=6"},"modified":"2023-01-26T17:40:00","modified_gmt":"2023-01-26T17:40:00","slug":"achat","status":"publish","type":"page","link":"https:\/\/amma-automotomonkeyassist.fr\/index.php\/achat\/","title":{"rendered":"Vous Cherchez votre Future Voiture ou Moto d\u2019Occasion ?"},"content":{"rendered":"\n<div class=\"wp-block-media-text alignwide has-media-on-the-right is-stacked-on-mobile\" style=\"padding-top:var(--wp--preset--spacing--60);padding-right:var(--wp--preset--spacing--60);padding-bottom:var(--wp--preset--spacing--60);padding-left:var(--wp--preset--spacing--60);grid-template-columns:auto 20%\"><div class=\"wp-block-media-text__content\">\n<p>Mais&#8230;<\/p>\n\n\n\n<ul class=\"wp-block-list\">\n<li>Ces d\u00e9marches ne vous int\u00e9ressent pas et vous stressent<\/li>\n\n\n\n<li>Vous avez peur d\u2019acheter un v\u00e9hicule en mauvais \u00e9tat ou au mauvais prix.<\/li>\n\n\n\n<li>Vous n\u2019avez pas de temps \u00e0 consacrer \u00e0 cette recherche.<\/li>\n\n\n\n<li>Vous venez d\u2019avoir votre permis et c\u2019est votre 1er achat.<\/li>\n<\/ul>\n\n\n\n<p><strong><mark style=\"background-color:rgba(0, 0, 0, 0)\" class=\"has-inline-color has-orange-color\">AMMA<\/mark><\/strong> vous propose un accompagnement personnalis\u00e9 pour vous aider \u00e0 acquerir votre prochain v\u00e9hicule avec une plus grande s\u00e9r\u00e9nit\u00e9<\/p>\n\n\n\n<p>Nous pouvons vous accompagner sur l&rsquo;ensemble des points ci-dessous:<\/p>\n\n\n\n<ul class=\"wp-block-list\">\n<li>D\u00e9finir le type de v\u00e9hicule adapt\u00e9 \u00e0 votre besoin<\/li>\n\n\n\n<li>Rechercher et s\u00e9lectionner les v\u00e9hicules d&rsquo;occasions<\/li>\n\n\n\n<li>Inspecter et essayer les v\u00e9hicules s\u00e9lectionn\u00e9s<\/li>\n\n\n\n<li>Vous fournir un rapport d&rsquo;inspection<\/li>\n\n\n\n<li>Vous aider \u00e0 la s\u00e9lection finale du v\u00e9hicule<\/li>\n\n\n\n<li>Vous \u00e9pauler dans la phase de n\u00e9gociation<\/li>\n\n\n\n<li>Vous assister pour effectuer l\u2019achat et les demarches de transfert de propri\u00e9t\u00e9 du v\u00e9hicule<\/li>\n<\/ul>\n\n\n\n<p class=\"has-luminous-vivid-orange-color has-text-color\">Ne pas h\u00e9siter \u00e0<mark style=\"background-color:rgba(0, 0, 0, 0)\" class=\"has-inline-color has-orange-color\"> <\/mark><a href=\"https:\/\/amma-automotomonkeyassist.fr\/index.php\/nous-contacter\/\" data-type=\"page\" data-id=\"14\"><mark style=\"background-color:rgba(0, 0, 0, 0)\" class=\"has-inline-color has-orange-color\">N<\/mark>ous <mark style=\"background-color:rgba(0, 0, 0, 0)\" class=\"has-inline-color has-orange-color\">C<\/mark>ontacter<\/a> pour un 1er RDV Gratuit et pr\u00e9parer ensemble votre projet d&rsquo;achat.<\/p>\n\n\n\n<p class=\"has-luminous-vivid-orange-color has-text-color\">Prix de la prestation \u00e0 partir de 100 \u20ac, devis gratuit sur demande (voir les <a href=\"https:\/\/amma-automotomonkeyassist.fr\/index.php\/cgv\/\" data-type=\"page\" data-id=\"16\"><mark style=\"background-color:rgba(0, 0, 0, 0)\" class=\"has-inline-color has-orange-color\">C<\/mark>onditions <mark style=\"background-color:rgba(0, 0, 0, 0)\" class=\"has-inline-color has-orange-color\">G<\/mark>\u00e9n\u00e9rales de<mark style=\"background-color:rgba(0, 0, 0, 0)\" class=\"has-inline-color has-orange-color\"> V<\/mark>ente<\/a>)<\/p>\n<\/div><figure class=\"wp-block-media-text__media\"><img loading=\"lazy\" decoding=\"async\" width=\"766\" height=\"1024\" src=\"https:\/\/amma-automotomonkeyassist.fr\/wp-content\/uploads\/2023\/01\/298450573_151142947583584_3893081400628426262_n-766x1024.jpeg\" alt=\"\" class=\"wp-image-124 size-full\" srcset=\"https:\/\/amma-automotomonkeyassist.fr\/wp-content\/uploads\/2023\/01\/298450573_151142947583584_3893081400628426262_n-766x1024.jpeg 766w, https:\/\/amma-automotomonkeyassist.fr\/wp-content\/uploads\/2023\/01\/298450573_151142947583584_3893081400628426262_n-224x300.jpeg 224w, https:\/\/amma-automotomonkeyassist.fr\/wp-content\/uploads\/2023\/01\/298450573_151142947583584_3893081400628426262_n-768x1026.jpeg 768w, https:\/\/amma-automotomonkeyassist.fr\/wp-content\/uploads\/2023\/01\/298450573_151142947583584_3893081400628426262_n-1149x1536.jpeg 1149w, https:\/\/amma-automotomonkeyassist.fr\/wp-content\/uploads\/2023\/01\/298450573_151142947583584_3893081400628426262_n.jpeg 1525w\" sizes=\"auto, (max-width: 766px) 100vw, 766px\" \/><\/figure><\/div>\n","protected":false},"excerpt":{"rendered":"","protected":false},"author":1,"featured_media":0,"parent":0,"menu_order":0,"comment_status":"closed","ping_status":"closed","template":"","meta":{"footnotes":""},"class_list":["post-6","page","type-page","status-publish","hentry"],"_links":{"self":[{"href":"https:\/\/amma-automotomonkeyassist.fr\/index.php\/wp-json\/wp\/v2\/pages\/6","targetHints":{"allow":["GET"]}}],"collection":[{"href":"https:\/\/amma-automotomonkeyassist.fr\/index.php\/wp-json\/wp\/v2\/pages"}],"about":[{"href":"https:\/\/amma-automotomonkeyassist.fr\/index.php\/wp-json\/wp\/v2\/types\/page"}],"author":[{"embeddable":true,"href":"https:\/\/amma-automotomonkeyassist.fr\/index.php\/wp-json\/wp\/v2\/users\/1"}],"replies":[{"embeddable":true,"href":"https:\/\/amma-automotomonkeyassist.fr\/index.php\/wp-json\/wp\/v2\/comments?post=6"}],"version-history":[{"count":29,"href":"https:\/\/amma-automotomonkeyassist.fr\/index.php\/wp-json\/wp\/v2\/pages\/6\/revisions"}],"predecessor-version":[{"id":372,"href":"https:\/\/amma-automotomonkeyassist.fr\/index.php\/wp-json\/wp\/v2\/pages\/6\/revisions\/372"}],"wp:attachment":[{"href":"https:\/\/amma-automotomonkeyassist.fr\/index.php\/wp-json\/wp\/v2\/media?parent=6"}],"curies":[{"name":"wp","href":"https:\/\/api.w.org\/{rel}","templated":true}]}}