{"id":8,"date":"2023-01-12T19:16:45","date_gmt":"2023-01-12T19:16:45","guid":{"rendered":"https:\/\/amma-automotomonkeyassist.fr\/?page_id=8"},"modified":"2023-01-18T18:41:54","modified_gmt":"2023-01-18T18:41:54","slug":"vente","status":"publish","type":"page","link":"https:\/\/amma-automotomonkeyassist.fr\/index.php\/vente\/","title":{"rendered":"Vous Souhaitez Vendre votre Voiture ou votre Moto ?"},"content":{"rendered":"\n<div class=\"wp-block-media-text alignwide has-media-on-the-right is-stacked-on-mobile\" style=\"padding-top:var(--wp--preset--spacing--60);padding-right:var(--wp--preset--spacing--60);padding-bottom:var(--wp--preset--spacing--60);padding-left:var(--wp--preset--spacing--60);grid-template-columns:auto 15%\"><div class=\"wp-block-media-text__content\">\n<p><strong><mark style=\"background-color:rgba(0, 0, 0, 0)\" class=\"has-inline-color has-orange-color\">AMMA<\/mark><\/strong> vous propose un accompagnement sur mesure pour vous aider \u00e0 revendre votre v\u00e9hicule dans les meilleurs conditions (gains de temps, optimisation du prix du vente, rapidit\u00e9)<\/p>\n\n\n\n<p>Nous pouvons vous aider sur l&rsquo;ensemble des points ci-dessous:<\/p>\n\n\n\n<ul class=\"wp-block-list\">\n<li>Pr\u00e9parer le v\u00e9hicule \u00e0 la vente<\/li>\n\n\n\n<li>Cr\u00e9er un dossier photos complet<\/li>\n\n\n\n<li>Digitaliser l\u2019historique du v\u00e9hicule (facture d\u2019entretien, contr\u00f4le technique)<\/li>\n\n\n\n<li>Analyser l&rsquo;huile moteur<\/li>\n\n\n\n<li>Estimer \/ D\u00e9finir le prix de vente<\/li>\n\n\n\n<li>R\u00e9diger l\u2019annonce et aider \u00e0 la publication<\/li>\n<\/ul>\n\n\n\n<p class=\"has-luminous-vivid-orange-color has-text-color\">Ne pas hesiter \u00e0 <a href=\"https:\/\/amma-automotomonkeyassist.fr\/index.php\/nous-contacter\/\" data-type=\"page\" data-id=\"14\"><mark style=\"background-color:rgba(0, 0, 0, 0)\" class=\"has-inline-color has-orange-color\">N<\/mark>ous <mark style=\"background-color:rgba(0, 0, 0, 0)\" class=\"has-inline-color has-orange-color\">C<\/mark>ontacter<\/a> pour un 1er RDV Gratuit et pr\u00e9parer ensemble votre projet de vente.<\/p>\n\n\n\n<p class=\"has-luminous-vivid-orange-color has-text-color\">Tarif de la prestation \u00e0 partir de 50 \u20ac, devis gratuit sur demande (voir les <a href=\"https:\/\/amma-automotomonkeyassist.fr\/index.php\/cgv\/\" data-type=\"page\" data-id=\"16\"><mark style=\"background-color:rgba(0, 0, 0, 0)\" class=\"has-inline-color has-orange-color\">C<\/mark>onditions <mark style=\"background-color:rgba(0, 0, 0, 0)\" class=\"has-inline-color has-orange-color\">G<\/mark>\u00e9n\u00e9rales de <mark style=\"background-color:rgba(0, 0, 0, 0)\" class=\"has-inline-color has-orange-color\">V<\/mark>ente<\/a>)<\/p>\n<\/div><figure class=\"wp-block-media-text__media\"><img loading=\"lazy\" decoding=\"async\" width=\"768\" height=\"1024\" src=\"https:\/\/amma-automotomonkeyassist.fr\/wp-content\/uploads\/2023\/01\/278574996_104462432251636_2128855089570351865_n-768x1024.jpeg\" alt=\"\" class=\"wp-image-207 size-full\" srcset=\"https:\/\/amma-automotomonkeyassist.fr\/wp-content\/uploads\/2023\/01\/278574996_104462432251636_2128855089570351865_n-768x1024.jpeg 768w, https:\/\/amma-automotomonkeyassist.fr\/wp-content\/uploads\/2023\/01\/278574996_104462432251636_2128855089570351865_n-225x300.jpeg 225w, https:\/\/amma-automotomonkeyassist.fr\/wp-content\/uploads\/2023\/01\/278574996_104462432251636_2128855089570351865_n-1152x1536.jpeg 1152w, https:\/\/amma-automotomonkeyassist.fr\/wp-content\/uploads\/2023\/01\/278574996_104462432251636_2128855089570351865_n.jpeg 1536w\" sizes=\"auto, (max-width: 768px) 100vw, 768px\" \/><\/figure><\/div>\n","protected":false},"excerpt":{"rendered":"","protected":false},"author":1,"featured_media":0,"parent":0,"menu_order":0,"comment_status":"closed","ping_status":"closed","template":"","meta":{"footnotes":""},"class_list":["post-8","page","type-page","status-publish","hentry"],"_links":{"self":[{"href":"https:\/\/amma-automotomonkeyassist.fr\/index.php\/wp-json\/wp\/v2\/pages\/8","targetHints":{"allow":["GET"]}}],"collection":[{"href":"https:\/\/amma-automotomonkeyassist.fr\/index.php\/wp-json\/wp\/v2\/pages"}],"about":[{"href":"https:\/\/amma-automotomonkeyassist.fr\/index.php\/wp-json\/wp\/v2\/types\/page"}],"author":[{"embeddable":true,"href":"https:\/\/amma-automotomonkeyassist.fr\/index.php\/wp-json\/wp\/v2\/users\/1"}],"replies":[{"embeddable":true,"href":"https:\/\/amma-automotomonkeyassist.fr\/index.php\/wp-json\/wp\/v2\/comments?post=8"}],"version-history":[{"count":16,"href":"https:\/\/amma-automotomonkeyassist.fr\/index.php\/wp-json\/wp\/v2\/pages\/8\/revisions"}],"predecessor-version":[{"id":364,"href":"https:\/\/amma-automotomonkeyassist.fr\/index.php\/wp-json\/wp\/v2\/pages\/8\/revisions\/364"}],"wp:attachment":[{"href":"https:\/\/amma-automotomonkeyassist.fr\/index.php\/wp-json\/wp\/v2\/media?parent=8"}],"curies":[{"name":"wp","href":"https:\/\/api.w.org\/{rel}","templated":true}]}}